{"id":111,"date":"2024-01-14T14:02:07","date_gmt":"2024-01-14T14:02:07","guid":{"rendered":"https:\/\/www.splitwarp.com\/?page_id=111"},"modified":"2026-02-08T00:39:43","modified_gmt":"2026-02-07T23:39:43","slug":"about","status":"publish","type":"page","link":"https:\/\/www.splitwarp.com\/en\/about\/","title":{"rendered":"About"},"content":{"rendered":"<div data-elementor-type=\"wp-page\" data-elementor-id=\"111\" class=\"elementor elementor-111\">\n\t\t\t\t<div class=\"elementor-element elementor-element-d632fc4 e-flex e-con-boxed e-con e-parent\" data-id=\"d632fc4\" data-element_type=\"container\" data-e-type=\"container\">\n\t\t\t\t\t<div class=\"e-con-inner\">\n\t\t<div class=\"elementor-element elementor-element-e6a000c e-con-full e-flex e-con e-child\" data-id=\"e6a000c\" data-element_type=\"container\" data-e-type=\"container\">\n\t\t\t\t<div class=\"elementor-element elementor-element-d9a4eff elementor-widget elementor-widget-image\" data-id=\"d9a4eff\" data-element_type=\"widget\" data-e-type=\"widget\" data-widget_type=\"image.default\">\n\t\t\t\t<div class=\"elementor-widget-container\">\n\t\t\t\t\t\t\t\t\t\t\t\t\t\t\t<img fetchpriority=\"high\" decoding=\"async\" width=\"600\" height=\"994\" src=\"https:\/\/www.splitwarp.com\/wp-content\/uploads\/2024\/01\/ianael-fernando-video-photo-createur.jpg\" class=\"attachment-large size-large wp-image-140\" alt=\"\" srcset=\"https:\/\/www.splitwarp.com\/wp-content\/uploads\/2024\/01\/ianael-fernando-video-photo-createur.jpg 600w, https:\/\/www.splitwarp.com\/wp-content\/uploads\/2024\/01\/ianael-fernando-video-photo-createur-181x300.jpg 181w, https:\/\/www.splitwarp.com\/wp-content\/uploads\/2024\/01\/ianael-fernando-video-photo-createur-7x12.jpg 7w\" sizes=\"(max-width: 600px) 100vw, 600px\" \/>\t\t\t\t\t\t\t\t\t\t\t\t\t\t\t<\/div>\n\t\t\t\t<\/div>\n\t\t\t\t<\/div>\n\t\t<div class=\"elementor-element elementor-element-b8bbabf e-con-full e-flex e-con e-child\" data-id=\"b8bbabf\" data-element_type=\"container\" data-e-type=\"container\">\n\t\t\t\t<div class=\"elementor-element elementor-element-8fa201e elementor-widget elementor-widget-heading\" data-id=\"8fa201e\" data-element_type=\"widget\" data-e-type=\"widget\" data-widget_type=\"heading.default\">\n\t\t\t\t<div class=\"elementor-widget-container\">\n\t\t\t\t\t<h2 class=\"elementor-heading-title elementor-size-default\">Combining a passion for image and marketing to better meet your needs.<\/h2>\t\t\t\t<\/div>\n\t\t\t\t<\/div>\n\t\t\t\t<div class=\"elementor-element elementor-element-4e46dd2 elementor-widget elementor-widget-text-editor\" data-id=\"4e46dd2\" data-element_type=\"widget\" data-e-type=\"widget\" data-widget_type=\"text-editor.default\">\n\t\t\t\t<div class=\"elementor-widget-container\">\n\t\t\t\t\t\t\t\t\t<p>Hi ! I'm Ian-A\u00ebl. I am a 22 years old content creator based in Rennes and Paris. My passion is to capture emotions threw photography and filmmaking.<\/p><p>It all started when I was 6, with compact cameras. I took photos of everything around me! When I switched to my first professional SLR camera in 2017, I already knew that I was going to use it to create more than just memories. The lockdown in France in 2020 allowed me to learn how to use my camera and to try out many techniques to perfect my skills. The purchase of a hybrid camera in 2021 opened up new possibilities for professional and personal projects.<\/p><p>I've been learning photography and filmmaking on my own for 7 years now, and I'm now able to convey emotions through my creations.<\/p><p>In recent years, I have specialised in automotive content, portraits, tourism and architecture, which has enabled me to cultivate my own artistic style.<\/p><p>Travelling has fuelled my creativity, enabling me to work on a wide variety of projects around the world.<\/p>\t\t\t\t\t\t\t\t<\/div>\n\t\t\t\t<\/div>\n\t\t\t\t<div class=\"elementor-element elementor-element-9d9f432 elementor-widget elementor-widget-text-editor\" data-id=\"9d9f432\" data-element_type=\"widget\" data-e-type=\"widget\" data-widget_type=\"text-editor.default\">\n\t\t\t\t<div class=\"elementor-widget-container\">\n\t\t\t\t\t\t\t\t\t<p style=\"text-align: left;\">I am currently studying digital marketing, and I use my skills to help brands develop their digital communication strategies.<\/p>\t\t\t\t\t\t\t\t<\/div>\n\t\t\t\t<\/div>\n\t\t\t\t<\/div>\n\t\t\t\t\t<\/div>\n\t\t\t\t<\/div>\n\t\t<div class=\"elementor-element elementor-element-bad1173 e-flex e-con-boxed e-con e-parent\" data-id=\"bad1173\" data-element_type=\"container\" data-e-type=\"container\">\n\t\t\t\t\t<div class=\"e-con-inner\">\n\t\t<div class=\"elementor-element elementor-element-32df42b e-con-full e-flex e-con e-child\" data-id=\"32df42b\" data-element_type=\"container\" data-e-type=\"container\">\n\t\t\t\t<div class=\"elementor-element elementor-element-9a88e04 elementor-widget elementor-widget-heading\" data-id=\"9a88e04\" data-element_type=\"widget\" data-e-type=\"widget\" data-widget_type=\"heading.default\">\n\t\t\t\t<div class=\"elementor-widget-container\">\n\t\t\t\t\t<h2 class=\"elementor-heading-title elementor-size-default\">A different vision compared to most creators :<\/h2>\t\t\t\t<\/div>\n\t\t\t\t<\/div>\n\t\t\t\t<div class=\"elementor-element elementor-element-a93ff2b elementor-widget elementor-widget-text-editor\" data-id=\"a93ff2b\" data-element_type=\"widget\" data-e-type=\"widget\" data-widget_type=\"text-editor.default\">\n\t\t\t\t<div class=\"elementor-widget-container\">\n\t\t\t\t\t\t\t\t\t<p style=\"text-align: left;\">A good strategy is based on the emotions shared with the audience, who will no doubt forget what you say, but will remember how it made them feel.<\/p>\t\t\t\t\t\t\t\t<\/div>\n\t\t\t\t<\/div>\n\t\t\t\t<\/div>\n\t\t<div class=\"elementor-element elementor-element-eadab19 e-con-full e-flex e-con e-child\" data-id=\"eadab19\" data-element_type=\"container\" data-e-type=\"container\">\n\t\t\t\t<div class=\"elementor-element elementor-element-1a183bb elementor-absolute elementor-hidden-tablet elementor-hidden-mobile elementor-widget elementor-widget-image\" data-id=\"1a183bb\" data-element_type=\"widget\" data-e-type=\"widget\" data-settings=\"{&quot;_position&quot;:&quot;absolute&quot;}\" data-widget_type=\"image.default\">\n\t\t\t\t<div class=\"elementor-widget-container\">\n\t\t\t\t\t\t\t\t\t\t\t\t\t\t\t<img decoding=\"async\" width=\"300\" height=\"200\" src=\"https:\/\/www.splitwarp.com\/wp-content\/uploads\/2024\/01\/Ianael-Fernando-Splitwarp-photo-city-bar-budapest-300x200.jpg\" class=\"attachment-medium size-medium wp-image-320\" alt=\"photo city night club bar ruins budapest\" srcset=\"https:\/\/www.splitwarp.com\/wp-content\/uploads\/2024\/01\/Ianael-Fernando-Splitwarp-photo-city-bar-budapest-300x200.jpg 300w, https:\/\/www.splitwarp.com\/wp-content\/uploads\/2024\/01\/Ianael-Fernando-Splitwarp-photo-city-bar-budapest-1024x683.jpg 1024w, https:\/\/www.splitwarp.com\/wp-content\/uploads\/2024\/01\/Ianael-Fernando-Splitwarp-photo-city-bar-budapest-768x512.jpg 768w, https:\/\/www.splitwarp.com\/wp-content\/uploads\/2024\/01\/Ianael-Fernando-Splitwarp-photo-city-bar-budapest-1536x1024.jpg 1536w, https:\/\/www.splitwarp.com\/wp-content\/uploads\/2024\/01\/Ianael-Fernando-Splitwarp-photo-city-bar-budapest-18x12.jpg 18w, https:\/\/www.splitwarp.com\/wp-content\/uploads\/2024\/01\/Ianael-Fernando-Splitwarp-photo-city-bar-budapest.jpg 1800w\" sizes=\"(max-width: 300px) 100vw, 300px\" \/>\t\t\t\t\t\t\t\t\t\t\t\t\t\t\t<\/div>\n\t\t\t\t<\/div>\n\t\t\t\t<div class=\"elementor-element elementor-element-909bdd6 elementor-absolute elementor-hidden-tablet elementor-hidden-mobile elementor-widget elementor-widget-image\" data-id=\"909bdd6\" data-element_type=\"widget\" data-e-type=\"widget\" data-settings=\"{&quot;_position&quot;:&quot;absolute&quot;}\" data-widget_type=\"image.default\">\n\t\t\t\t<div class=\"elementor-widget-container\">\n\t\t\t\t\t\t\t\t\t\t\t\t\t\t\t<img decoding=\"async\" width=\"200\" height=\"300\" src=\"https:\/\/www.splitwarp.com\/wp-content\/uploads\/2024\/01\/Ianael-Fernando-Splitwarp-photo-landscape-Morroco-medina-magreb-africa-souks-200x300.jpg\" class=\"attachment-medium size-medium wp-image-78\" alt=\"photo landscape medina morocco\" srcset=\"https:\/\/www.splitwarp.com\/wp-content\/uploads\/2024\/01\/Ianael-Fernando-Splitwarp-photo-landscape-Morroco-medina-magreb-africa-souks-200x300.jpg 200w, https:\/\/www.splitwarp.com\/wp-content\/uploads\/2024\/01\/Ianael-Fernando-Splitwarp-photo-landscape-Morroco-medina-magreb-africa-souks-683x1024.jpg 683w, https:\/\/www.splitwarp.com\/wp-content\/uploads\/2024\/01\/Ianael-Fernando-Splitwarp-photo-landscape-Morroco-medina-magreb-africa-souks-768x1152.jpg 768w, https:\/\/www.splitwarp.com\/wp-content\/uploads\/2024\/01\/Ianael-Fernando-Splitwarp-photo-landscape-Morroco-medina-magreb-africa-souks-8x12.jpg 8w, https:\/\/www.splitwarp.com\/wp-content\/uploads\/2024\/01\/Ianael-Fernando-Splitwarp-photo-landscape-Morroco-medina-magreb-africa-souks.jpg 800w\" sizes=\"(max-width: 200px) 100vw, 200px\" \/>\t\t\t\t\t\t\t\t\t\t\t\t\t\t\t<\/div>\n\t\t\t\t<\/div>\n\t\t\t\t<\/div>\n\t\t<div class=\"elementor-element elementor-element-5b53b06 e-con-full e-flex e-con e-child\" data-id=\"5b53b06\" data-element_type=\"container\" data-e-type=\"container\">\n\t\t\t\t<div class=\"elementor-element elementor-element-44fc0c1 elementor-widget elementor-widget-heading\" data-id=\"44fc0c1\" data-element_type=\"widget\" data-e-type=\"widget\" data-widget_type=\"heading.default\">\n\t\t\t\t<div class=\"elementor-widget-container\">\n\t\t\t\t\t<h2 class=\"elementor-heading-title elementor-size-default\">\nMy goal :<\/h2>\t\t\t\t<\/div>\n\t\t\t\t<\/div>\n\t\t\t\t<\/div>\n\t\t<div class=\"elementor-element elementor-element-c8831ba e-con-full e-flex e-con e-child\" data-id=\"c8831ba\" data-element_type=\"container\" data-e-type=\"container\">\n\t\t\t\t<div class=\"elementor-element elementor-element-e7d4a8c elementor-widget elementor-widget-text-editor\" data-id=\"e7d4a8c\" data-element_type=\"widget\" data-e-type=\"widget\" data-widget_type=\"text-editor.default\">\n\t\t\t\t<div class=\"elementor-widget-container\">\n\t\t\t\t\t\t\t\t\t<p>Reflecting the brand's identity, creating greater impact by using emotions to build audience loyalty.<\/p>\t\t\t\t\t\t\t\t<\/div>\n\t\t\t\t<\/div>\n\t\t\t\t<div class=\"elementor-element elementor-element-33ace18 elementor-align-left elementor-widget elementor-widget-button\" data-id=\"33ace18\" data-element_type=\"widget\" data-e-type=\"widget\" data-widget_type=\"button.default\">\n\t\t\t\t<div class=\"elementor-widget-container\">\n\t\t\t\t\t\t\t\t\t<div class=\"elementor-button-wrapper\">\n\t\t\t\t\t<a class=\"elementor-button elementor-button-link elementor-size-sm elementor-animation-grow\" href=\"https:\/\/www.splitwarp.com\/en\/contact\/\">\n\t\t\t\t\t\t<span class=\"elementor-button-content-wrapper\">\n\t\t\t\t\t\t\t\t\t<span class=\"elementor-button-text\">Contact<\/span>\n\t\t\t\t\t<\/span>\n\t\t\t\t\t<\/a>\n\t\t\t\t<\/div>\n\t\t\t\t\t\t\t\t<\/div>\n\t\t\t\t<\/div>\n\t\t\t\t<\/div>\n\t\t\t\t\t<\/div>\n\t\t\t\t<\/div>\n\t\t<div class=\"elementor-element elementor-element-ac64618 e-flex e-con-boxed e-con e-parent\" data-id=\"ac64618\" data-element_type=\"container\" data-e-type=\"container\">\n\t\t\t\t\t<div class=\"e-con-inner\">\n\t\t\t\t<div class=\"elementor-element elementor-element-0394fad elementor-widget elementor-widget-heading\" data-id=\"0394fad\" data-element_type=\"widget\" data-e-type=\"widget\" data-widget_type=\"heading.default\">\n\t\t\t\t<div class=\"elementor-widget-container\">\n\t\t\t\t\t<h3 class=\"elementor-heading-title elementor-size-default\">Let's create something extraordinary together !<\/h3>\t\t\t\t<\/div>\n\t\t\t\t<\/div>\n\t\t\t\t\t<\/div>\n\t\t\t\t<\/div>\n\t\t\t\t<\/div>","protected":false},"excerpt":{"rendered":"<p>Combiner la passion pour l&rsquo;image et le marketing afin de mieux r\u00e9pondre \u00e0 vos besoins. Je m&rsquo;appelle Ian-A\u00ebl, j&rsquo;ai 22 ans et je suis un cr\u00e9ateur de contenu fran\u00e7ais bas\u00e9 \u00e0 Rennes et \u00e0 Paris. Ma passion est de capturer les \u00e9motions \u00e0 travers la photographie et la vid\u00e9o. Tout a commenc\u00e9 quand j\u2019avais 6 [&hellip;]<\/p>\n","protected":false},"author":2,"featured_media":0,"parent":0,"menu_order":0,"comment_status":"closed","ping_status":"closed","template":"","meta":{"footnotes":""},"class_list":["post-111","page","type-page","status-publish","hentry"],"blocksy_meta":[],"_links":{"self":[{"href":"https:\/\/www.splitwarp.com\/en\/wp-json\/wp\/v2\/pages\/111","targetHints":{"allow":["GET"]}}],"collection":[{"href":"https:\/\/www.splitwarp.com\/en\/wp-json\/wp\/v2\/pages"}],"about":[{"href":"https:\/\/www.splitwarp.com\/en\/wp-json\/wp\/v2\/types\/page"}],"author":[{"embeddable":true,"href":"https:\/\/www.splitwarp.com\/en\/wp-json\/wp\/v2\/users\/2"}],"replies":[{"embeddable":true,"href":"https:\/\/www.splitwarp.com\/en\/wp-json\/wp\/v2\/comments?post=111"}],"version-history":[{"count":6,"href":"https:\/\/www.splitwarp.com\/en\/wp-json\/wp\/v2\/pages\/111\/revisions"}],"predecessor-version":[{"id":126116,"href":"https:\/\/www.splitwarp.com\/en\/wp-json\/wp\/v2\/pages\/111\/revisions\/126116"}],"wp:attachment":[{"href":"https:\/\/www.splitwarp.com\/en\/wp-json\/wp\/v2\/media?parent=111"}],"curies":[{"name":"wp","href":"https:\/\/api.w.org\/{rel}","templated":true}]}}